{"id":852,"date":"2024-01-22T17:39:00","date_gmt":"2024-01-22T17:39:00","guid":{"rendered":"https:\/\/verticare.mx\/producto\/exfoliante-corporal-piel-con-tierra-renueva-tu-alma\/"},"modified":"2024-06-03T16:12:30","modified_gmt":"2024-06-03T16:12:30","slug":"exfoliante-corporal-piel-con-tierra-renueva-tu-alma","status":"publish","type":"product","link":"https:\/\/verticare.mx\/es\/producto\/exfoliante-corporal-piel-con-tierra-renueva-tu-alma\/","title":{"rendered":"Exfoliante corporal \u2013 Renueva tu alma"},"content":{"rendered":"<p>240ml<\/p>\n<p>El body exfoliante de Piel con Tierra es un exfoliante para piel con concentraci\u00f3n de cafe\u00edna y delicados granos de az\u00facar, combinados con mantecas naturales, aceites bot\u00e1nicos y aceites esenciales c\u00edtricos logrando una rica fusi\u00f3n de humedad a la vez que exfolia y estimula el sistema circulatorio. disminuyendo notablemente la piel de naranja. El caf\u00e9 ayuda a romper las celdas de grasa, reactivando la circulaci\u00f3n; convirti\u00e9ndose en uno de los mejores antinelul\u00edticos naturales.<\/p>\n<p>Nivel abresivo: 2\/3<\/p>\n<p>Forma de uso: La piel recibe este exfoliante corporal despu\u00e9s de limpiar, se aplica sobre la piel h\u00fameda en movimientos circulares, se deja reposar 5 minutos para despu\u00e9s enjuagar con agua.<\/p>\n<p>Advertencias: Uso externo. Evitar contacto con los ojos. No ingerir. En caso de irritaci\u00f3n, suspenda su uso.<\/p>\n<p>Ingredientes: Aceite de oliva, Aceite de coco, mezcla de aceites esenciales y caf\u00e9.<\/p>","protected":false},"excerpt":{"rendered":"<p>240ml El body scrub de Piel con Tierra es un exfoliante para piel con concentraci\u00f3n de cafe\u00edna y delicados granos de az\u00facar, combinados con mantecas naturales, aceites bot\u00e1nicos y aceites esenciales c\u00edtricos logrando una rica fusi\u00f3n de humedad a la vez que exfolia y estimula el sistema circulatorio, disminuyendo notablemente la piel de naranja. El [&hellip;]<\/p>","protected":false},"featured_media":742,"comment_status":"open","ping_status":"closed","template":"","meta":{"site-sidebar-layout":"default","site-content-layout":"","ast-site-content-layout":"default","site-content-style":"default","site-sidebar-style":"default","ast-global-header-display":"","ast-banner-title-visibility":"","ast-main-header-display":"","ast-hfb-above-header-display":"","ast-hfb-below-header-display":"","ast-hfb-mobile-header-display":"","site-post-title":"","ast-breadcrumbs-content":"","ast-featured-img":"","footer-sml-layout":"","theme-transparent-header-meta":"default","adv-header-id-meta":"","stick-header-meta":"","header-above-stick-meta":"","header-main-stick-meta":"","header-below-stick-meta":"","astra-migrate-meta-layouts":"set","ast-page-background-enabled":"default","ast-page-background-meta":{"desktop":{"background-color":"var(--ast-global-color-4)","background-image":"","background-repeat":"repeat","background-position":"center center","background-size":"auto","background-attachment":"scroll","background-type":"","background-media":"","overlay-type":"","overlay-color":"","overlay-gradient":""},"tablet":{"background-color":"","background-image":"","background-repeat":"repeat","background-position":"center center","background-size":"auto","background-attachment":"scroll","background-type":"","background-media":"","overlay-type":"","overlay-color":"","overlay-gradient":""},"mobile":{"background-color":"","background-image":"","background-repeat":"repeat","background-position":"center center","background-size":"auto","background-attachment":"scroll","background-type":"","background-media":"","overlay-type":"","overlay-color":"","overlay-gradient":""}},"ast-content-background-meta":{"desktop":{"background-color":"var(--ast-global-color-5)","background-image":"","background-repeat":"repeat","background-position":"center center","background-size":"auto","background-attachment":"scroll","background-type":"","background-media":"","overlay-type":"","overlay-color":"","overlay-gradient":""},"tablet":{"background-color":"var(--ast-global-color-5)","background-image":"","background-repeat":"repeat","background-position":"center center","background-size":"auto","background-attachment":"scroll","background-type":"","background-media":"","overlay-type":"","overlay-color":"","overlay-gradient":""},"mobile":{"background-color":"var(--ast-global-color-5)","background-image":"","background-repeat":"repeat","background-position":"center center","background-size":"auto","background-attachment":"scroll","background-type":"","background-media":"","overlay-type":"","overlay-color":"","overlay-gradient":""}}},"product_cat":[18],"product_tag":[92],"jetpack_sharing_enabled":true,"_links":{"self":[{"href":"https:\/\/verticare.mx\/es\/wp-json\/wp\/v2\/product\/852"}],"collection":[{"href":"https:\/\/verticare.mx\/es\/wp-json\/wp\/v2\/product"}],"about":[{"href":"https:\/\/verticare.mx\/es\/wp-json\/wp\/v2\/types\/product"}],"replies":[{"embeddable":true,"href":"https:\/\/verticare.mx\/es\/wp-json\/wp\/v2\/comments?post=852"}],"version-history":[{"count":2,"href":"https:\/\/verticare.mx\/es\/wp-json\/wp\/v2\/product\/852\/revisions"}],"predecessor-version":[{"id":1984,"href":"https:\/\/verticare.mx\/es\/wp-json\/wp\/v2\/product\/852\/revisions\/1984"}],"wp:featuredmedia":[{"embeddable":true,"href":"https:\/\/verticare.mx\/es\/wp-json\/wp\/v2\/media\/742"}],"wp:attachment":[{"href":"https:\/\/verticare.mx\/es\/wp-json\/wp\/v2\/media?parent=852"}],"wp:term":[{"taxonomy":"product_cat","embeddable":true,"href":"https:\/\/verticare.mx\/es\/wp-json\/wp\/v2\/product_cat?post=852"},{"taxonomy":"product_tag","embeddable":true,"href":"https:\/\/verticare.mx\/es\/wp-json\/wp\/v2\/product_tag?post=852"}],"curies":[{"name":"wp","href":"https:\/\/api.w.org\/{rel}","templated":true}]}}