{"id":850,"date":"2024-01-22T17:39:00","date_gmt":"2024-01-22T17:39:00","guid":{"rendered":"https:\/\/verticare.mx\/producto\/champu-indra-karite\/"},"modified":"2024-05-30T18:10:50","modified_gmt":"2024-05-30T18:10:50","slug":"champu-indra-karite","status":"publish","type":"product","link":"https:\/\/verticare.mx\/es\/producto\/champu-indra-karite\/","title":{"rendered":"Champ\u00fa \u2013 Karit\u00e9"},"content":{"rendered":"<p>100 gramos<br \/>\nEs una barra de champ\u00fa s\u00f3lido que te ayudar\u00e1 a tener un cabello limpio y bello. Ideal para cabello rizado. En la elaboraci\u00f3n de nuestros champ\u00fas utilizamos aceites vegetales, flores, c\u00e1scaras, hierbas y semillas. Su duraci\u00f3n es superior a un champ\u00fa convencional, son s\u00faper pr\u00e1cticos para viajar y los resultados son incre\u00edbles.<\/p>\n<p>Semiexfoliante. Nivel abresivo: 3\/3<\/p>\n<p>Forma de uso: Frota la barra de champ\u00fa sobre el cabello h\u00famedo hasta que haga abundante espuma, despu\u00e9s enjuaga con agua.<\/p>\n<p>Advertencias: Uso externo. Evitar contacto con los ojos. No ingerir. En caso de irritaci\u00f3n, suspenda su uso.<\/p>\n<p>Ingredientes: SCI (Cocoil isetionato de sodio), Manteca de Karit\u00e9 (Butyrospermum Parkii Butter), Agua Tridestilada (Aqua), Harina de Avena (Avena Sativa), Indigo (Indigo Naturalis), Linaza (Linum usitatissimum L.), Prote\u00edna hidrolizada de arroz (Oriza Sativa), Glicerina Vegetal, Aceite Esencial de Naranja (Citrus aurantium dulcis), fragancia libre de Ftalatos<\/p>","protected":false},"excerpt":{"rendered":"<p>100g Es una barra de champ\u00fa s\u00f3lido que te ayudar\u00e1 a tener un cabello limpio y bello. Ideal para cabello rizado. En la elaboraci\u00f3n de nuestros champ\u00fas utilizamos aceites vegetales, flores, cascaras, hierbas y semillas. Su duraci\u00f3n es superior a un champ\u00fa convencional, son s\u00faper pr\u00e1cticos para viajar y los resultados son incre\u00edbles. Semi-exfoliante. Nivel [&hellip;]<\/p>","protected":false},"featured_media":696,"comment_status":"open","ping_status":"closed","template":"","meta":{"site-sidebar-layout":"default","site-content-layout":"","ast-site-content-layout":"default","site-content-style":"default","site-sidebar-style":"default","ast-global-header-display":"","ast-banner-title-visibility":"","ast-main-header-display":"","ast-hfb-above-header-display":"","ast-hfb-below-header-display":"","ast-hfb-mobile-header-display":"","site-post-title":"","ast-breadcrumbs-content":"","ast-featured-img":"","footer-sml-layout":"","theme-transparent-header-meta":"default","adv-header-id-meta":"","stick-header-meta":"","header-above-stick-meta":"","header-main-stick-meta":"","header-below-stick-meta":"","astra-migrate-meta-layouts":"set","ast-page-background-enabled":"default","ast-page-background-meta":{"desktop":{"background-color":"var(--ast-global-color-4)","background-image":"","background-repeat":"repeat","background-position":"center center","background-size":"auto","background-attachment":"scroll","background-type":"","background-media":"","overlay-type":"","overlay-color":"","overlay-gradient":""},"tablet":{"background-color":"","background-image":"","background-repeat":"repeat","background-position":"center center","background-size":"auto","background-attachment":"scroll","background-type":"","background-media":"","overlay-type":"","overlay-color":"","overlay-gradient":""},"mobile":{"background-color":"","background-image":"","background-repeat":"repeat","background-position":"center center","background-size":"auto","background-attachment":"scroll","background-type":"","background-media":"","overlay-type":"","overlay-color":"","overlay-gradient":""}},"ast-content-background-meta":{"desktop":{"background-color":"var(--ast-global-color-5)","background-image":"","background-repeat":"repeat","background-position":"center center","background-size":"auto","background-attachment":"scroll","background-type":"","background-media":"","overlay-type":"","overlay-color":"","overlay-gradient":""},"tablet":{"background-color":"var(--ast-global-color-5)","background-image":"","background-repeat":"repeat","background-position":"center center","background-size":"auto","background-attachment":"scroll","background-type":"","background-media":"","overlay-type":"","overlay-color":"","overlay-gradient":""},"mobile":{"background-color":"var(--ast-global-color-5)","background-image":"","background-repeat":"repeat","background-position":"center center","background-size":"auto","background-attachment":"scroll","background-type":"","background-media":"","overlay-type":"","overlay-color":"","overlay-gradient":""}}},"product_cat":[15],"product_tag":[89,131],"jetpack_sharing_enabled":true,"_links":{"self":[{"href":"https:\/\/verticare.mx\/es\/wp-json\/wp\/v2\/product\/850"}],"collection":[{"href":"https:\/\/verticare.mx\/es\/wp-json\/wp\/v2\/product"}],"about":[{"href":"https:\/\/verticare.mx\/es\/wp-json\/wp\/v2\/types\/product"}],"replies":[{"embeddable":true,"href":"https:\/\/verticare.mx\/es\/wp-json\/wp\/v2\/comments?post=850"}],"version-history":[{"count":3,"href":"https:\/\/verticare.mx\/es\/wp-json\/wp\/v2\/product\/850\/revisions"}],"predecessor-version":[{"id":1986,"href":"https:\/\/verticare.mx\/es\/wp-json\/wp\/v2\/product\/850\/revisions\/1986"}],"wp:featuredmedia":[{"embeddable":true,"href":"https:\/\/verticare.mx\/es\/wp-json\/wp\/v2\/media\/696"}],"wp:attachment":[{"href":"https:\/\/verticare.mx\/es\/wp-json\/wp\/v2\/media?parent=850"}],"wp:term":[{"taxonomy":"product_cat","embeddable":true,"href":"https:\/\/verticare.mx\/es\/wp-json\/wp\/v2\/product_cat?post=850"},{"taxonomy":"product_tag","embeddable":true,"href":"https:\/\/verticare.mx\/es\/wp-json\/wp\/v2\/product_tag?post=850"}],"curies":[{"name":"wp","href":"https:\/\/api.w.org\/{rel}","templated":true}]}}