{"id":848,"date":"2024-01-22T17:39:41","date_gmt":"2024-01-22T17:39:41","guid":{"rendered":"https:\/\/verticare.mx\/producto\/champu-indra-citricos\/"},"modified":"2024-08-20T17:28:35","modified_gmt":"2024-08-20T17:28:35","slug":"champu-indra-citricos","status":"publish","type":"product","link":"https:\/\/verticare.mx\/es\/producto\/champu-indra-citricos\/","title":{"rendered":"Champ\u00fa \u2013 C\u00edtricos"},"content":{"rendered":"<p>100 gramos<\/p>\n<p>Es una barra de champ\u00fa s\u00f3lido que te ayudar\u00e1 a tener un cabello limpio y bello. En la elaboraci\u00f3n de nuestros champ\u00fas utilizamos aceites vegetales, flores, c\u00e1scaras, hierbas y semillas. Su duraci\u00f3n es superior a un champ\u00fa convencional, son s\u00faper pr\u00e1cticos para viajar y los resultados son incre\u00edbles. Es ideal para cabello graso.<\/p>\n<p>Forma de uso: Frota la barra de champ\u00fa sobre el cabello h\u00famedo hasta que haga abundante espuma, despu\u00e9s enjuaga con agua.<\/p>\n<p>Advertencias: Uso externo. Evitar contacto con los ojos. No ingerir. En caso de irritaci\u00f3n, suspenda su uso.<\/p>\n<p>Ingredientes: SCI (Cocoil isetionato de sodio), Agua tridestilada (Aqua), Aceite de Arroz (Oryza Sativa), Aceite de Coco (Cocos Nucifera), C\u00e1scara de Naranja (C\u00e1scara de Citrus aurantium en polvo), Prote\u00edna hidrolizada de arroz (Oriza Sativa), Glicerina Vegetal, Aceites esenciales de Naranja (Citrus aurantium dulcis), Toronja<br \/>\n(Citrus paradisi) y Lim\u00f3n (Citrus limonum)<\/p>","protected":false},"excerpt":{"rendered":"<p>100g Es una barra de champ\u00fa s\u00f3lido que te ayudar\u00e1 a tener un cabello limpio y bello. En la elaboraci\u00f3n de nuestros champ\u00fas utilizamos aceites vegetales, flores, cascaras, hierbas y semillas. Su duraci\u00f3n es superior a un champ\u00fa convencional, son s\u00faper pr\u00e1cticos para viajar y los resultados son incre\u00edbles. Es ideal para cabello graso. Forma [&hellip;]<\/p>","protected":false},"featured_media":674,"comment_status":"open","ping_status":"closed","template":"","meta":{"site-sidebar-layout":"default","site-content-layout":"","ast-site-content-layout":"default","site-content-style":"default","site-sidebar-style":"default","ast-global-header-display":"","ast-banner-title-visibility":"","ast-main-header-display":"","ast-hfb-above-header-display":"","ast-hfb-below-header-display":"","ast-hfb-mobile-header-display":"","site-post-title":"","ast-breadcrumbs-content":"","ast-featured-img":"","footer-sml-layout":"","theme-transparent-header-meta":"default","adv-header-id-meta":"","stick-header-meta":"","header-above-stick-meta":"","header-main-stick-meta":"","header-below-stick-meta":"","astra-migrate-meta-layouts":"set","ast-page-background-enabled":"default","ast-page-background-meta":{"desktop":{"background-color":"var(--ast-global-color-4)","background-image":"","background-repeat":"repeat","background-position":"center center","background-size":"auto","background-attachment":"scroll","background-type":"","background-media":"","overlay-type":"","overlay-color":"","overlay-gradient":""},"tablet":{"background-color":"","background-image":"","background-repeat":"repeat","background-position":"center center","background-size":"auto","background-attachment":"scroll","background-type":"","background-media":"","overlay-type":"","overlay-color":"","overlay-gradient":""},"mobile":{"background-color":"","background-image":"","background-repeat":"repeat","background-position":"center center","background-size":"auto","background-attachment":"scroll","background-type":"","background-media":"","overlay-type":"","overlay-color":"","overlay-gradient":""}},"ast-content-background-meta":{"desktop":{"background-color":"var(--ast-global-color-5)","background-image":"","background-repeat":"repeat","background-position":"center center","background-size":"auto","background-attachment":"scroll","background-type":"","background-media":"","overlay-type":"","overlay-color":"","overlay-gradient":""},"tablet":{"background-color":"var(--ast-global-color-5)","background-image":"","background-repeat":"repeat","background-position":"center center","background-size":"auto","background-attachment":"scroll","background-type":"","background-media":"","overlay-type":"","overlay-color":"","overlay-gradient":""},"mobile":{"background-color":"var(--ast-global-color-5)","background-image":"","background-repeat":"repeat","background-position":"center center","background-size":"auto","background-attachment":"scroll","background-type":"","background-media":"","overlay-type":"","overlay-color":"","overlay-gradient":""}}},"product_cat":[15],"product_tag":[89,131],"jetpack_sharing_enabled":true,"_links":{"self":[{"href":"https:\/\/verticare.mx\/es\/wp-json\/wp\/v2\/product\/848"}],"collection":[{"href":"https:\/\/verticare.mx\/es\/wp-json\/wp\/v2\/product"}],"about":[{"href":"https:\/\/verticare.mx\/es\/wp-json\/wp\/v2\/types\/product"}],"replies":[{"embeddable":true,"href":"https:\/\/verticare.mx\/es\/wp-json\/wp\/v2\/comments?post=848"}],"version-history":[{"count":2,"href":"https:\/\/verticare.mx\/es\/wp-json\/wp\/v2\/product\/848\/revisions"}],"predecessor-version":[{"id":1963,"href":"https:\/\/verticare.mx\/es\/wp-json\/wp\/v2\/product\/848\/revisions\/1963"}],"wp:featuredmedia":[{"embeddable":true,"href":"https:\/\/verticare.mx\/es\/wp-json\/wp\/v2\/media\/674"}],"wp:attachment":[{"href":"https:\/\/verticare.mx\/es\/wp-json\/wp\/v2\/media?parent=848"}],"wp:term":[{"taxonomy":"product_cat","embeddable":true,"href":"https:\/\/verticare.mx\/es\/wp-json\/wp\/v2\/product_cat?post=848"},{"taxonomy":"product_tag","embeddable":true,"href":"https:\/\/verticare.mx\/es\/wp-json\/wp\/v2\/product_tag?post=848"}],"curies":[{"name":"wp","href":"https:\/\/api.w.org\/{rel}","templated":true}]}}