{"id":845,"date":"2024-01-22T17:39:00","date_gmt":"2024-01-22T17:39:00","guid":{"rendered":"https:\/\/verticare.mx\/producto\/desmaquillante-edena-papaya\/"},"modified":"2024-05-30T18:13:24","modified_gmt":"2024-05-30T18:13:24","slug":"desmaquillante-edena-papaya","status":"publish","type":"product","link":"https:\/\/verticare.mx\/es\/producto\/desmaquillante-edena-papaya\/","title":{"rendered":"Desmaquillante \u2013 Papaya"},"content":{"rendered":"<p>60ml<\/p>\n<p>Limpieza profunda y efectiva, eliminando maquillaje, suciedad y contaminantes acumulados, aportando hidrataci\u00f3n intensa, manteniendo la piel suave y flexible durante todo el d\u00eda. Equilibra la producci\u00f3n seb\u00e1cea, controlando el exceso de grasa en pieles propensas a ser grasas o mixtas. La papaya, un exfoliante natural suave, ayuda a limpiar en profundidad, eliminando c\u00e9lulas muertas y dejando la piel renovada. Promueve una piel radiante con nutrientes y antioxidantes que aportan un brillo natural, mejorando la textura de la piel, reduciendo las l\u00edneas finas y aportando luminosidad juvenil.<\/p>\n<p>Forma de uso:<br \/>\n1. Para disolver maquillaje e impurezas aplica una generosa dosis de Papaya Oil Cleanser sobre la piel seca -no h\u00fameda- y da masaje circular cubriendo toda el \u00e1rea del rostro y cuello. Permite que el aceite act\u00fae en el resto de tu cara y cuello por unos minutos.<br \/>\n2. Aplique una toalla suave h\u00fameda y caliente sobre todo su rostro para que el vapor termine de liberar toda impureza y retire todo el aceite aplicado, frotando suavemente. O simplemente retira con una compresa humedecida.<\/p>\n<p>Advertencias: Uso externo. Evitar contacto con los ojos. No ingerir. En caso de irritaci\u00f3n, suspenda su uso.<\/p>\n<p>Ingredientes: Aceites org\u00e1nicos de: oliva, semilla de papaya, semilla de ch\u00eda, ricino, comino negro, almendras, extracto CO2 de Romero, Aceite de c\u00e1scara de toronja, polisac\u00e1ridos de ca\u00f1a de az\u00facar, vitamina E, vitamina A.<\/p>","protected":false},"excerpt":{"rendered":"<p>60ml Limpieza profunda y efectiva, eliminando maquillaje, suciedad y contaminantes acumulados, aportando hidrataci\u00f3n intensa, manteniendo la piel suave y flexible durante todo el d\u00eda. Equilibra la producci\u00f3n seb\u00e1cea, controlando el exceso de grasa en pieles propensas a ser grasas o mixtas. La papaya, un exfoliante natural suave, ayuda a limpiar en profundidad, eliminando c\u00e9lulas muertas [&hellip;]<\/p>","protected":false},"featured_media":798,"comment_status":"open","ping_status":"closed","template":"","meta":{"site-sidebar-layout":"default","site-content-layout":"","ast-site-content-layout":"default","site-content-style":"default","site-sidebar-style":"default","ast-global-header-display":"","ast-banner-title-visibility":"","ast-main-header-display":"","ast-hfb-above-header-display":"","ast-hfb-below-header-display":"","ast-hfb-mobile-header-display":"","site-post-title":"","ast-breadcrumbs-content":"","ast-featured-img":"","footer-sml-layout":"","theme-transparent-header-meta":"default","adv-header-id-meta":"","stick-header-meta":"","header-above-stick-meta":"","header-main-stick-meta":"","header-below-stick-meta":"","astra-migrate-meta-layouts":"set","ast-page-background-enabled":"default","ast-page-background-meta":{"desktop":{"background-color":"var(--ast-global-color-4)","background-image":"","background-repeat":"repeat","background-position":"center center","background-size":"auto","background-attachment":"scroll","background-type":"","background-media":"","overlay-type":"","overlay-color":"","overlay-gradient":""},"tablet":{"background-color":"","background-image":"","background-repeat":"repeat","background-position":"center center","background-size":"auto","background-attachment":"scroll","background-type":"","background-media":"","overlay-type":"","overlay-color":"","overlay-gradient":""},"mobile":{"background-color":"","background-image":"","background-repeat":"repeat","background-position":"center center","background-size":"auto","background-attachment":"scroll","background-type":"","background-media":"","overlay-type":"","overlay-color":"","overlay-gradient":""}},"ast-content-background-meta":{"desktop":{"background-color":"var(--ast-global-color-5)","background-image":"","background-repeat":"repeat","background-position":"center center","background-size":"auto","background-attachment":"scroll","background-type":"","background-media":"","overlay-type":"","overlay-color":"","overlay-gradient":""},"tablet":{"background-color":"var(--ast-global-color-5)","background-image":"","background-repeat":"repeat","background-position":"center center","background-size":"auto","background-attachment":"scroll","background-type":"","background-media":"","overlay-type":"","overlay-color":"","overlay-gradient":""},"mobile":{"background-color":"var(--ast-global-color-5)","background-image":"","background-repeat":"repeat","background-position":"center center","background-size":"auto","background-attachment":"scroll","background-type":"","background-media":"","overlay-type":"","overlay-color":"","overlay-gradient":""}}},"product_cat":[20],"product_tag":[89,131],"jetpack_sharing_enabled":true,"_links":{"self":[{"href":"https:\/\/verticare.mx\/es\/wp-json\/wp\/v2\/product\/845"}],"collection":[{"href":"https:\/\/verticare.mx\/es\/wp-json\/wp\/v2\/product"}],"about":[{"href":"https:\/\/verticare.mx\/es\/wp-json\/wp\/v2\/types\/product"}],"replies":[{"embeddable":true,"href":"https:\/\/verticare.mx\/es\/wp-json\/wp\/v2\/comments?post=845"}],"version-history":[{"count":2,"href":"https:\/\/verticare.mx\/es\/wp-json\/wp\/v2\/product\/845\/revisions"}],"predecessor-version":[{"id":1998,"href":"https:\/\/verticare.mx\/es\/wp-json\/wp\/v2\/product\/845\/revisions\/1998"}],"wp:featuredmedia":[{"embeddable":true,"href":"https:\/\/verticare.mx\/es\/wp-json\/wp\/v2\/media\/798"}],"wp:attachment":[{"href":"https:\/\/verticare.mx\/es\/wp-json\/wp\/v2\/media?parent=845"}],"wp:term":[{"taxonomy":"product_cat","embeddable":true,"href":"https:\/\/verticare.mx\/es\/wp-json\/wp\/v2\/product_cat?post=845"},{"taxonomy":"product_tag","embeddable":true,"href":"https:\/\/verticare.mx\/es\/wp-json\/wp\/v2\/product_tag?post=845"}],"curies":[{"name":"wp","href":"https:\/\/api.w.org\/{rel}","templated":true}]}}