{"id":844,"date":"2024-01-22T17:39:00","date_gmt":"2024-01-22T17:39:00","guid":{"rendered":"https:\/\/verticare.mx\/producto\/crema-facial-edena-madura\/"},"modified":"2024-06-03T16:12:57","modified_gmt":"2024-06-03T16:12:57","slug":"crema-facial-edena-madura","status":"publish","type":"product","link":"https:\/\/verticare.mx\/es\/producto\/crema-facial-edena-madura\/","title":{"rendered":"Crema facial \u2013 Madura"},"content":{"rendered":"<p>50ml<\/p>\n<p>Crema facial nutritiva y regenerante de acci\u00f3n profunda en tu piel.<\/p>\n<p>Forma de uso:<br \/>\n1. Aplicar siempre con el rostro limpio<br \/>\n2. Nuestra propuesta de cuidado facial es el \u201clayering\u201d. El suero oleoso hace d\u00fao con la crema facial trabajando juntos para ofrecer nutrici\u00f3n de amplio espectro para la piel. (Tambi\u00e9n puedes usarlo s\u00f3lo, sin aplicar crema humectante).<br \/>\n3. Puedes aplicar la primera capa de suero, para usar la crema en la segunda \u00f3 puedes hacer una mezcla previa de ambos y aplicar.<\/p>\n<p>Advertencias: Uso externo. Evitar contacto con los ojos. No ingerir. En caso de irritaci\u00f3n, suspenda su uso.<\/p>\n<p>Ingredientes: Agua destilada, aceites org\u00e1nicos de Hemp, jojoba, macadamia, cacao, extractos de Hypoxis rooperi y Cesalpinia espinosa, glicerol, polisac\u00e1ridos de ca\u00f1a de az\u00facar, \u00e1cido hialur\u00f3nico de origen vegetal (no animal), prote\u00edna de avena, aceites esenciales certificados org\u00e1nicos de incienso y mirra, vitamina E, vitamina A.<\/p>","protected":false},"excerpt":{"rendered":"<p>50ml Crema facial nutritiva y regenerante de acci\u00f3n profunda en tu piel. Forma de uso: 1. Aplica siempre con el rostro limpio 2. Nuestra propuesta de cuidado facial es el \u201clayering\u201d. El serum oleoso hace d\u00fao con la crema facial trabajando juntos para ofrecer nutrici\u00f3n de amplio espectro para la piel. (Tambi\u00e9n puedes usarlo s\u00f3lo, [&hellip;]<\/p>","protected":false},"featured_media":800,"comment_status":"open","ping_status":"closed","template":"","meta":{"site-sidebar-layout":"default","site-content-layout":"","ast-site-content-layout":"default","site-content-style":"default","site-sidebar-style":"default","ast-global-header-display":"","ast-banner-title-visibility":"","ast-main-header-display":"","ast-hfb-above-header-display":"","ast-hfb-below-header-display":"","ast-hfb-mobile-header-display":"","site-post-title":"","ast-breadcrumbs-content":"","ast-featured-img":"","footer-sml-layout":"","theme-transparent-header-meta":"default","adv-header-id-meta":"","stick-header-meta":"","header-above-stick-meta":"","header-main-stick-meta":"","header-below-stick-meta":"","astra-migrate-meta-layouts":"set","ast-page-background-enabled":"default","ast-page-background-meta":{"desktop":{"background-color":"var(--ast-global-color-4)","background-image":"","background-repeat":"repeat","background-position":"center center","background-size":"auto","background-attachment":"scroll","background-type":"","background-media":"","overlay-type":"","overlay-color":"","overlay-gradient":""},"tablet":{"background-color":"","background-image":"","background-repeat":"repeat","background-position":"center center","background-size":"auto","background-attachment":"scroll","background-type":"","background-media":"","overlay-type":"","overlay-color":"","overlay-gradient":""},"mobile":{"background-color":"","background-image":"","background-repeat":"repeat","background-position":"center center","background-size":"auto","background-attachment":"scroll","background-type":"","background-media":"","overlay-type":"","overlay-color":"","overlay-gradient":""}},"ast-content-background-meta":{"desktop":{"background-color":"var(--ast-global-color-5)","background-image":"","background-repeat":"repeat","background-position":"center center","background-size":"auto","background-attachment":"scroll","background-type":"","background-media":"","overlay-type":"","overlay-color":"","overlay-gradient":""},"tablet":{"background-color":"var(--ast-global-color-5)","background-image":"","background-repeat":"repeat","background-position":"center center","background-size":"auto","background-attachment":"scroll","background-type":"","background-media":"","overlay-type":"","overlay-color":"","overlay-gradient":""},"mobile":{"background-color":"var(--ast-global-color-5)","background-image":"","background-repeat":"repeat","background-position":"center center","background-size":"auto","background-attachment":"scroll","background-type":"","background-media":"","overlay-type":"","overlay-color":"","overlay-gradient":""}}},"product_cat":[20],"product_tag":[89,131],"jetpack_sharing_enabled":true,"_links":{"self":[{"href":"https:\/\/verticare.mx\/es\/wp-json\/wp\/v2\/product\/844"}],"collection":[{"href":"https:\/\/verticare.mx\/es\/wp-json\/wp\/v2\/product"}],"about":[{"href":"https:\/\/verticare.mx\/es\/wp-json\/wp\/v2\/types\/product"}],"replies":[{"embeddable":true,"href":"https:\/\/verticare.mx\/es\/wp-json\/wp\/v2\/comments?post=844"}],"version-history":[{"count":2,"href":"https:\/\/verticare.mx\/es\/wp-json\/wp\/v2\/product\/844\/revisions"}],"predecessor-version":[{"id":1999,"href":"https:\/\/verticare.mx\/es\/wp-json\/wp\/v2\/product\/844\/revisions\/1999"}],"wp:featuredmedia":[{"embeddable":true,"href":"https:\/\/verticare.mx\/es\/wp-json\/wp\/v2\/media\/800"}],"wp:attachment":[{"href":"https:\/\/verticare.mx\/es\/wp-json\/wp\/v2\/media?parent=844"}],"wp:term":[{"taxonomy":"product_cat","embeddable":true,"href":"https:\/\/verticare.mx\/es\/wp-json\/wp\/v2\/product_cat?post=844"},{"taxonomy":"product_tag","embeddable":true,"href":"https:\/\/verticare.mx\/es\/wp-json\/wp\/v2\/product_tag?post=844"}],"curies":[{"name":"wp","href":"https:\/\/api.w.org\/{rel}","templated":true}]}}