{"id":840,"date":"2024-01-22T17:39:00","date_gmt":"2024-01-22T17:39:00","guid":{"rendered":"https:\/\/verticare.mx\/producto\/crema-corporal-edena-calendula\/"},"modified":"2024-06-03T16:11:58","modified_gmt":"2024-06-03T16:11:58","slug":"crema-corporal-edena-calendula","status":"publish","type":"product","link":"https:\/\/verticare.mx\/es\/producto\/crema-corporal-edena-calendula\/","title":{"rendered":"Crema corporal \u2013 Cal\u00e9ndula"},"content":{"rendered":"<p>120ml<\/p>\n<p>Mantequilla corporal ultrahidratante de Cal\u00e9ndulas y flores, hecha con una f\u00f3rmula integral para el cuidado del cuerpo, ideal para pieles secas a muy secas. Ayuda a nutrir intensamente la piel, protegerla y restaurar la barrera hidrolip\u00eddica, al tiempo que ayuda a proporcionar una hidrataci\u00f3n duradera \u2013 hasta 72 horas \u2013 y dar una sensaci\u00f3n de suavidad y confort.<\/p>\n<p>Forma de uso: Aplica amorosamente. Vuelve a aplicar cada vez que tu piel lo necesite.<\/p>\n<p>Advertencias: Uso externo. Evitar contacto con los ojos. No ingerir. En caso de irritaci\u00f3n, suspenda su uso.<\/p>\n<p>Ingredientes: Agua destilada, aceite de nuez de macadamia, aceite de semilla de ajonjol\u00ed, cacao, extractos de cal\u00e9ndulas, leche de avena, humectantes naturales, aceite esencial de mandarina, pachul\u00ed, vitamina E, vitamina A.<\/p>","protected":false},"excerpt":{"rendered":"<p>120ml Mantequilla corporal ultrahidratante de Cal\u00e9ndulas y flores, hecho con una f\u00f3rmula integral para el cuidado del cuerpo, ideal para pieles secas a muy secas. Ayuda a nutrir intensamente la piel, protegerla y restaurar la barrera hidrolip\u00eddica, al tiempo que ayuda a proporcionar una hidrataci\u00f3n duradera &#8211; hasta 72 horas &#8211; y dar una sensaci\u00f3n [&hellip;]<\/p>","protected":false},"featured_media":808,"comment_status":"open","ping_status":"closed","template":"","meta":{"site-sidebar-layout":"default","site-content-layout":"","ast-site-content-layout":"default","site-content-style":"default","site-sidebar-style":"default","ast-global-header-display":"","ast-banner-title-visibility":"","ast-main-header-display":"","ast-hfb-above-header-display":"","ast-hfb-below-header-display":"","ast-hfb-mobile-header-display":"","site-post-title":"","ast-breadcrumbs-content":"","ast-featured-img":"","footer-sml-layout":"","theme-transparent-header-meta":"default","adv-header-id-meta":"","stick-header-meta":"","header-above-stick-meta":"","header-main-stick-meta":"","header-below-stick-meta":"","astra-migrate-meta-layouts":"set","ast-page-background-enabled":"default","ast-page-background-meta":{"desktop":{"background-color":"var(--ast-global-color-4)","background-image":"","background-repeat":"repeat","background-position":"center center","background-size":"auto","background-attachment":"scroll","background-type":"","background-media":"","overlay-type":"","overlay-color":"","overlay-gradient":""},"tablet":{"background-color":"","background-image":"","background-repeat":"repeat","background-position":"center center","background-size":"auto","background-attachment":"scroll","background-type":"","background-media":"","overlay-type":"","overlay-color":"","overlay-gradient":""},"mobile":{"background-color":"","background-image":"","background-repeat":"repeat","background-position":"center center","background-size":"auto","background-attachment":"scroll","background-type":"","background-media":"","overlay-type":"","overlay-color":"","overlay-gradient":""}},"ast-content-background-meta":{"desktop":{"background-color":"var(--ast-global-color-5)","background-image":"","background-repeat":"repeat","background-position":"center center","background-size":"auto","background-attachment":"scroll","background-type":"","background-media":"","overlay-type":"","overlay-color":"","overlay-gradient":""},"tablet":{"background-color":"var(--ast-global-color-5)","background-image":"","background-repeat":"repeat","background-position":"center center","background-size":"auto","background-attachment":"scroll","background-type":"","background-media":"","overlay-type":"","overlay-color":"","overlay-gradient":""},"mobile":{"background-color":"var(--ast-global-color-5)","background-image":"","background-repeat":"repeat","background-position":"center center","background-size":"auto","background-attachment":"scroll","background-type":"","background-media":"","overlay-type":"","overlay-color":"","overlay-gradient":""}}},"product_cat":[18],"product_tag":[89,131],"jetpack_sharing_enabled":true,"_links":{"self":[{"href":"https:\/\/verticare.mx\/es\/wp-json\/wp\/v2\/product\/840"}],"collection":[{"href":"https:\/\/verticare.mx\/es\/wp-json\/wp\/v2\/product"}],"about":[{"href":"https:\/\/verticare.mx\/es\/wp-json\/wp\/v2\/types\/product"}],"replies":[{"embeddable":true,"href":"https:\/\/verticare.mx\/es\/wp-json\/wp\/v2\/comments?post=840"}],"version-history":[{"count":2,"href":"https:\/\/verticare.mx\/es\/wp-json\/wp\/v2\/product\/840\/revisions"}],"predecessor-version":[{"id":2003,"href":"https:\/\/verticare.mx\/es\/wp-json\/wp\/v2\/product\/840\/revisions\/2003"}],"wp:featuredmedia":[{"embeddable":true,"href":"https:\/\/verticare.mx\/es\/wp-json\/wp\/v2\/media\/808"}],"wp:attachment":[{"href":"https:\/\/verticare.mx\/es\/wp-json\/wp\/v2\/media?parent=840"}],"wp:term":[{"taxonomy":"product_cat","embeddable":true,"href":"https:\/\/verticare.mx\/es\/wp-json\/wp\/v2\/product_cat?post=840"},{"taxonomy":"product_tag","embeddable":true,"href":"https:\/\/verticare.mx\/es\/wp-json\/wp\/v2\/product_tag?post=840"}],"curies":[{"name":"wp","href":"https:\/\/api.w.org\/{rel}","templated":true}]}}