{"id":834,"date":"2024-01-22T17:39:00","date_gmt":"2024-01-22T17:39:00","guid":{"rendered":"https:\/\/verticare.mx\/producto\/exfoliante-corporal-piel-con-tierra-cafe\/"},"modified":"2024-06-03T16:09:47","modified_gmt":"2024-06-03T16:09:47","slug":"exfoliante-corporal-piel-con-tierra-cafe","status":"publish","type":"product","link":"https:\/\/verticare.mx\/es\/producto\/exfoliante-corporal-piel-con-tierra-cafe\/","title":{"rendered":"Exfoliante corporal \u2013 Caf\u00e9"},"content":{"rendered":"<p>110gr<\/p>\n<p>Cada f\u00f3rmula tiene ingredientes que nutren tu piel en cada aplicaci\u00f3n dej\u00e1ndola m\u00e1s lisa y suave. \u00a1Amar\u00e1s como su textura embellece tu piel!<\/p>\n<p>Semiexfoliante. Nivel abresivo: 3\/3<\/p>\n<p>Forma de uso: Humedece el jab\u00f3n con agua para aplicarlo cuerpo y cabello dando masajes ligeros.<\/p>\n<p>Advertencias: Uso externo. Evitar contacto con los ojos. No ingerir. En caso de irritaci\u00f3n, suspenda su uso.<\/p>\n<p>Ingredientes: Aceite de oliva, Aceite de coco, mezcla de aceites esenciales y caf\u00e9.<\/p>","protected":false},"excerpt":{"rendered":"<p>110gr Cada f\u00f3rmula tiene ingredientes que nutren tu piel en cada aplicaci\u00f3n dej\u00e1ndola m\u00e1s lisa y suava. \u00a1Amar\u00e1s como su textura embellece tu piel! Semi-exfoliante. Nivel abresivo: 3\/3 Forma de uso: Humedece el jab\u00f3n con agua para aplicarlo cuerpo y cabello dando ligeros masajes. Advertencias: Uso externo. Evitar contacto con los ojos. No ingerir. En [&hellip;]<\/p>","protected":false},"featured_media":742,"comment_status":"open","ping_status":"closed","template":"","meta":{"site-sidebar-layout":"default","site-content-layout":"","ast-site-content-layout":"default","site-content-style":"default","site-sidebar-style":"default","ast-global-header-display":"","ast-banner-title-visibility":"","ast-main-header-display":"","ast-hfb-above-header-display":"","ast-hfb-below-header-display":"","ast-hfb-mobile-header-display":"","site-post-title":"","ast-breadcrumbs-content":"","ast-featured-img":"","footer-sml-layout":"","theme-transparent-header-meta":"default","adv-header-id-meta":"","stick-header-meta":"","header-above-stick-meta":"","header-main-stick-meta":"","header-below-stick-meta":"","astra-migrate-meta-layouts":"set","ast-page-background-enabled":"default","ast-page-background-meta":{"desktop":{"background-color":"var(--ast-global-color-4)","background-image":"","background-repeat":"repeat","background-position":"center center","background-size":"auto","background-attachment":"scroll","background-type":"","background-media":"","overlay-type":"","overlay-color":"","overlay-gradient":""},"tablet":{"background-color":"","background-image":"","background-repeat":"repeat","background-position":"center center","background-size":"auto","background-attachment":"scroll","background-type":"","background-media":"","overlay-type":"","overlay-color":"","overlay-gradient":""},"mobile":{"background-color":"","background-image":"","background-repeat":"repeat","background-position":"center center","background-size":"auto","background-attachment":"scroll","background-type":"","background-media":"","overlay-type":"","overlay-color":"","overlay-gradient":""}},"ast-content-background-meta":{"desktop":{"background-color":"var(--ast-global-color-5)","background-image":"","background-repeat":"repeat","background-position":"center center","background-size":"auto","background-attachment":"scroll","background-type":"","background-media":"","overlay-type":"","overlay-color":"","overlay-gradient":""},"tablet":{"background-color":"var(--ast-global-color-5)","background-image":"","background-repeat":"repeat","background-position":"center center","background-size":"auto","background-attachment":"scroll","background-type":"","background-media":"","overlay-type":"","overlay-color":"","overlay-gradient":""},"mobile":{"background-color":"var(--ast-global-color-5)","background-image":"","background-repeat":"repeat","background-position":"center center","background-size":"auto","background-attachment":"scroll","background-type":"","background-media":"","overlay-type":"","overlay-color":"","overlay-gradient":""}}},"product_cat":[18],"product_tag":[92,131],"jetpack_sharing_enabled":true,"_links":{"self":[{"href":"https:\/\/verticare.mx\/es\/wp-json\/wp\/v2\/product\/834"}],"collection":[{"href":"https:\/\/verticare.mx\/es\/wp-json\/wp\/v2\/product"}],"about":[{"href":"https:\/\/verticare.mx\/es\/wp-json\/wp\/v2\/types\/product"}],"replies":[{"embeddable":true,"href":"https:\/\/verticare.mx\/es\/wp-json\/wp\/v2\/comments?post=834"}],"version-history":[{"count":2,"href":"https:\/\/verticare.mx\/es\/wp-json\/wp\/v2\/product\/834\/revisions"}],"predecessor-version":[{"id":1995,"href":"https:\/\/verticare.mx\/es\/wp-json\/wp\/v2\/product\/834\/revisions\/1995"}],"wp:featuredmedia":[{"embeddable":true,"href":"https:\/\/verticare.mx\/es\/wp-json\/wp\/v2\/media\/742"}],"wp:attachment":[{"href":"https:\/\/verticare.mx\/es\/wp-json\/wp\/v2\/media?parent=834"}],"wp:term":[{"taxonomy":"product_cat","embeddable":true,"href":"https:\/\/verticare.mx\/es\/wp-json\/wp\/v2\/product_cat?post=834"},{"taxonomy":"product_tag","embeddable":true,"href":"https:\/\/verticare.mx\/es\/wp-json\/wp\/v2\/product_tag?post=834"}],"curies":[{"name":"wp","href":"https:\/\/api.w.org\/{rel}","templated":true}]}}