{"id":833,"date":"2024-01-22T17:39:00","date_gmt":"2024-01-22T17:39:00","guid":{"rendered":"https:\/\/verticare.mx\/producto\/exfoliante-corporal-indra-cafe-y-toronja\/"},"modified":"2025-05-16T09:46:38","modified_gmt":"2025-05-16T09:46:38","slug":"exfoliante-corporal-indra-cafe-y-toronja","status":"publish","type":"product","link":"https:\/\/verticare.mx\/es\/producto\/exfoliante-corporal-indra-cafe-y-toronja\/","title":{"rendered":"Exfoliante corporal \u2013 Caf\u00e9 y toronja"},"content":{"rendered":"<p>80g<\/p>\n<p>Este exfoliante te ayuda a limpiar tu piel y eliminar las c\u00e9lulas muertas. Esta deliciosa barra de caf\u00e9 con un toque de toronjas te va a enamorar desde el primer uso, su aroma es exquisito, \u00a1el favorito de muchos!<\/p>\n<p>Nivel abresivo: 3\/3<\/p>\n<p>Forma de uso: Util\u00edzalo como sustituto de jab\u00f3n de 2-3 a tres veces por semana m\u00e1ximo. Tallo sobre todo tu cuerpo, evitando el \u00e1rea de la cara. Conservar en un lugar fresco y seco.<\/p>\n<p>Advertencias: Uso externo. Evitar contacto con los ojos. No ingerir. En caso de irritaci\u00f3n, suspenda su uso.<\/p>\n<p>Ingredientes: Caf\u00e9 (fruta de Coffea Ar\u00e1bica), SCI (Cocoil isetionato de sodio), Manteca de Cacao (Theobroma Cacao), Arcilla Blanca (Caol\u00edn), Aceite Esencial de Toronja (Citrus paradisi)<\/p>","protected":false},"excerpt":{"rendered":"<p>80g Este exfoliante te ayuda a limpiar tu piel y a eliminar las c\u00e9lulas muertas. Esta deliciosa barra de caf\u00e9 con un toque de toronjas te va a enamorar desde el primer uso, su aroma es exquisito, \u00a1el favorito de muchos! Nivel abresivo: 3\/3 Forma de uso: Util\u00edzalo como sustituto de jab\u00f3n de 2-3 a [&hellip;]<\/p>","protected":false},"featured_media":684,"comment_status":"open","ping_status":"closed","template":"","meta":{"site-sidebar-layout":"default","site-content-layout":"","ast-site-content-layout":"default","site-content-style":"default","site-sidebar-style":"default","ast-global-header-display":"","ast-banner-title-visibility":"","ast-main-header-display":"","ast-hfb-above-header-display":"","ast-hfb-below-header-display":"","ast-hfb-mobile-header-display":"","site-post-title":"","ast-breadcrumbs-content":"","ast-featured-img":"","footer-sml-layout":"","theme-transparent-header-meta":"default","adv-header-id-meta":"","stick-header-meta":"","header-above-stick-meta":"","header-main-stick-meta":"","header-below-stick-meta":"","astra-migrate-meta-layouts":"set","ast-page-background-enabled":"default","ast-page-background-meta":{"desktop":{"background-color":"var(--ast-global-color-4)","background-image":"","background-repeat":"repeat","background-position":"center center","background-size":"auto","background-attachment":"scroll","background-type":"","background-media":"","overlay-type":"","overlay-color":"","overlay-gradient":""},"tablet":{"background-color":"","background-image":"","background-repeat":"repeat","background-position":"center center","background-size":"auto","background-attachment":"scroll","background-type":"","background-media":"","overlay-type":"","overlay-color":"","overlay-gradient":""},"mobile":{"background-color":"","background-image":"","background-repeat":"repeat","background-position":"center center","background-size":"auto","background-attachment":"scroll","background-type":"","background-media":"","overlay-type":"","overlay-color":"","overlay-gradient":""}},"ast-content-background-meta":{"desktop":{"background-color":"var(--ast-global-color-5)","background-image":"","background-repeat":"repeat","background-position":"center center","background-size":"auto","background-attachment":"scroll","background-type":"","background-media":"","overlay-type":"","overlay-color":"","overlay-gradient":""},"tablet":{"background-color":"var(--ast-global-color-5)","background-image":"","background-repeat":"repeat","background-position":"center center","background-size":"auto","background-attachment":"scroll","background-type":"","background-media":"","overlay-type":"","overlay-color":"","overlay-gradient":""},"mobile":{"background-color":"var(--ast-global-color-5)","background-image":"","background-repeat":"repeat","background-position":"center center","background-size":"auto","background-attachment":"scroll","background-type":"","background-media":"","overlay-type":"","overlay-color":"","overlay-gradient":""}}},"product_cat":[18],"product_tag":[89,131],"jetpack_sharing_enabled":true,"_links":{"self":[{"href":"https:\/\/verticare.mx\/es\/wp-json\/wp\/v2\/product\/833"}],"collection":[{"href":"https:\/\/verticare.mx\/es\/wp-json\/wp\/v2\/product"}],"about":[{"href":"https:\/\/verticare.mx\/es\/wp-json\/wp\/v2\/types\/product"}],"replies":[{"embeddable":true,"href":"https:\/\/verticare.mx\/es\/wp-json\/wp\/v2\/comments?post=833"}],"version-history":[{"count":3,"href":"https:\/\/verticare.mx\/es\/wp-json\/wp\/v2\/product\/833\/revisions"}],"predecessor-version":[{"id":1987,"href":"https:\/\/verticare.mx\/es\/wp-json\/wp\/v2\/product\/833\/revisions\/1987"}],"wp:featuredmedia":[{"embeddable":true,"href":"https:\/\/verticare.mx\/es\/wp-json\/wp\/v2\/media\/684"}],"wp:attachment":[{"href":"https:\/\/verticare.mx\/es\/wp-json\/wp\/v2\/media?parent=833"}],"wp:term":[{"taxonomy":"product_cat","embeddable":true,"href":"https:\/\/verticare.mx\/es\/wp-json\/wp\/v2\/product_cat?post=833"},{"taxonomy":"product_tag","embeddable":true,"href":"https:\/\/verticare.mx\/es\/wp-json\/wp\/v2\/product_tag?post=833"}],"curies":[{"name":"wp","href":"https:\/\/api.w.org\/{rel}","templated":true}]}}