{"id":828,"date":"2024-01-22T17:39:00","date_gmt":"2024-01-22T17:39:00","guid":{"rendered":"https:\/\/verticare.mx\/producto\/acondicionador-basati-lavanda\/"},"modified":"2024-08-20T17:28:39","modified_gmt":"2024-08-20T17:28:39","slug":"acondicionador-basati-lavanda","status":"publish","type":"product","link":"https:\/\/verticare.mx\/es\/producto\/acondicionador-basati-lavanda\/","title":{"rendered":"Acondicionador \u2013 Lavanda"},"content":{"rendered":"<p>250ml<\/p>\n<p>Este tratamiento acondicionador da un toque de brillo y salud a tu cabello. Basado en alta cosm\u00e9tica y perfumer\u00eda inspirada en la pr\u00e1ctica alqu\u00edmica vegetal y la bot\u00e1nica aplicada.<\/p>\n<p>Forma de uso: Despu\u00e9s del lavado de cabello, aplique en todo el cabello (ra\u00edz a puntas), masajear y dejar actuar unos minutos antes de enjuagar.<\/p>\n<p>Advertencias: Uso externo. Evitar contacto con los ojos. No ingerir. En caso de irritaci\u00f3n, suspenda su uso.<\/p>\n<p>Ingredientes: Agua, \u00c1cido graso de origen vegetal, Manteca de karit\u00e9, Dicaprylyl \u00e9ter, Decyl gluc\u00f3sido, Tensoactivos de origen vegetal, Proteina de trigo, Queratina, Prote\u00edna de soja, Aceite esencial de lavanda, Conservador derivado de extractos c\u00edtricos<\/p>","protected":false},"excerpt":{"rendered":"<p>250ml Este tratamiento acondicionador da un toque de brillo y salud a tu cabello. Basado en alta cosm\u00e9tica y perfumer\u00eda inspirada en la pr\u00e1ctica alqu\u00edmica vegetal y la bot\u00e1nica aplicada. Forma de uso: Despu\u00e9s del lavado de cabello aplicar en todo el cabello (ra\u00edz a puntas), masajear y dejar actuar unos minutos antes de enjuagar. [&hellip;]<\/p>","protected":false},"featured_media":586,"comment_status":"open","ping_status":"closed","template":"","meta":{"site-sidebar-layout":"default","site-content-layout":"","ast-site-content-layout":"default","site-content-style":"default","site-sidebar-style":"default","ast-global-header-display":"","ast-banner-title-visibility":"","ast-main-header-display":"","ast-hfb-above-header-display":"","ast-hfb-below-header-display":"","ast-hfb-mobile-header-display":"","site-post-title":"","ast-breadcrumbs-content":"","ast-featured-img":"","footer-sml-layout":"","theme-transparent-header-meta":"default","adv-header-id-meta":"","stick-header-meta":"","header-above-stick-meta":"","header-main-stick-meta":"","header-below-stick-meta":"","astra-migrate-meta-layouts":"set","ast-page-background-enabled":"default","ast-page-background-meta":{"desktop":{"background-color":"var(--ast-global-color-4)","background-image":"","background-repeat":"repeat","background-position":"center center","background-size":"auto","background-attachment":"scroll","background-type":"","background-media":"","overlay-type":"","overlay-color":"","overlay-gradient":""},"tablet":{"background-color":"","background-image":"","background-repeat":"repeat","background-position":"center center","background-size":"auto","background-attachment":"scroll","background-type":"","background-media":"","overlay-type":"","overlay-color":"","overlay-gradient":""},"mobile":{"background-color":"","background-image":"","background-repeat":"repeat","background-position":"center center","background-size":"auto","background-attachment":"scroll","background-type":"","background-media":"","overlay-type":"","overlay-color":"","overlay-gradient":""}},"ast-content-background-meta":{"desktop":{"background-color":"var(--ast-global-color-5)","background-image":"","background-repeat":"repeat","background-position":"center center","background-size":"auto","background-attachment":"scroll","background-type":"","background-media":"","overlay-type":"","overlay-color":"","overlay-gradient":""},"tablet":{"background-color":"var(--ast-global-color-5)","background-image":"","background-repeat":"repeat","background-position":"center center","background-size":"auto","background-attachment":"scroll","background-type":"","background-media":"","overlay-type":"","overlay-color":"","overlay-gradient":""},"mobile":{"background-color":"var(--ast-global-color-5)","background-image":"","background-repeat":"repeat","background-position":"center center","background-size":"auto","background-attachment":"scroll","background-type":"","background-media":"","overlay-type":"","overlay-color":"","overlay-gradient":""}}},"product_cat":[15],"product_tag":[89,131],"jetpack_sharing_enabled":true,"_links":{"self":[{"href":"https:\/\/verticare.mx\/es\/wp-json\/wp\/v2\/product\/828"}],"collection":[{"href":"https:\/\/verticare.mx\/es\/wp-json\/wp\/v2\/product"}],"about":[{"href":"https:\/\/verticare.mx\/es\/wp-json\/wp\/v2\/types\/product"}],"replies":[{"embeddable":true,"href":"https:\/\/verticare.mx\/es\/wp-json\/wp\/v2\/comments?post=828"}],"version-history":[{"count":3,"href":"https:\/\/verticare.mx\/es\/wp-json\/wp\/v2\/product\/828\/revisions"}],"predecessor-version":[{"id":1991,"href":"https:\/\/verticare.mx\/es\/wp-json\/wp\/v2\/product\/828\/revisions\/1991"}],"wp:featuredmedia":[{"embeddable":true,"href":"https:\/\/verticare.mx\/es\/wp-json\/wp\/v2\/media\/586"}],"wp:attachment":[{"href":"https:\/\/verticare.mx\/es\/wp-json\/wp\/v2\/media?parent=828"}],"wp:term":[{"taxonomy":"product_cat","embeddable":true,"href":"https:\/\/verticare.mx\/es\/wp-json\/wp\/v2\/product_cat?post=828"},{"taxonomy":"product_tag","embeddable":true,"href":"https:\/\/verticare.mx\/es\/wp-json\/wp\/v2\/product_tag?post=828"}],"curies":[{"name":"wp","href":"https:\/\/api.w.org\/{rel}","templated":true}]}}