{"id":524,"date":"2024-01-22T17:14:00","date_gmt":"2024-01-22T17:14:00","guid":{"rendered":"https:\/\/verticare.mx\/?post_type=product&#038;p=524"},"modified":"2024-05-30T18:15:11","modified_gmt":"2024-05-30T18:15:11","slug":"exfoliante-corporal-basati-rosas-jazmin","status":"publish","type":"product","link":"https:\/\/verticare.mx\/es\/producto\/exfoliante-corporal-basati-rosas-jazmin\/","title":{"rendered":"Exfoliante corporal \u2013 Rosas jazm\u00edn"},"content":{"rendered":"<p>300gr<\/p>\n<p>Inspirado en los ba\u00f1os de sal de la antigua Grecia, este producto te dar\u00e1 una exfoliaci\u00f3n fuerte pero sin laceraciones. La flor de sal&#8221; del Estado de Guerrero, la manteca de karit\u00e9, el poder regenerador de las rosas y el jazm\u00edn unido a las propiedades restaurativas y humectantes en los aceites vehiculares, hacen de nuestro exfoliante un \u201cimprescindible\u201d para tu cuidado corporal.<\/p>\n<p>Nivel abresivo: 2\/3<\/p>\n<p>Forma de uso: Durante la ducha aplique una peque\u00f1a cantidad en la zona a exfoliar; masajara con suaves movimientos circulares; Retire con agua tibia. Usar 1 o 2 veces por semana.<\/p>\n<p>Advertencias: Uso externo. Evitar contacto con los ojos. No ingerir. En caso de irritaci\u00f3n, suspenda su uso.<\/p>\n<p>Ingredientes: Maris Salt (Flor de Sal), Prunus Amygdalus Dulcis (Aceite de Almendras), Rosa Gallica Oil (Rosa de Castilla), Jasminum Officinale Oil (Jazm\u00edn), Rosa Gallica Petals (Rosa de Castilla), Color Vegetal<\/p>","protected":false},"excerpt":{"rendered":"<p>Exfoliante corporal Basati \u2013 Rosas jazm\u00edn<\/p>","protected":false},"featured_media":634,"comment_status":"open","ping_status":"closed","template":"","meta":{"site-sidebar-layout":"default","site-content-layout":"","ast-site-content-layout":"default","site-content-style":"default","site-sidebar-style":"default","ast-global-header-display":"","ast-banner-title-visibility":"","ast-main-header-display":"","ast-hfb-above-header-display":"","ast-hfb-below-header-display":"","ast-hfb-mobile-header-display":"","site-post-title":"","ast-breadcrumbs-content":"","ast-featured-img":"","footer-sml-layout":"","theme-transparent-header-meta":"default","adv-header-id-meta":"","stick-header-meta":"","header-above-stick-meta":"","header-main-stick-meta":"","header-below-stick-meta":"","astra-migrate-meta-layouts":"set","ast-page-background-enabled":"default","ast-page-background-meta":{"desktop":{"background-color":"var(--ast-global-color-4)","background-image":"","background-repeat":"repeat","background-position":"center center","background-size":"auto","background-attachment":"scroll","background-type":"","background-media":"","overlay-type":"","overlay-color":"","overlay-gradient":""},"tablet":{"background-color":"","background-image":"","background-repeat":"repeat","background-position":"center center","background-size":"auto","background-attachment":"scroll","background-type":"","background-media":"","overlay-type":"","overlay-color":"","overlay-gradient":""},"mobile":{"background-color":"","background-image":"","background-repeat":"repeat","background-position":"center center","background-size":"auto","background-attachment":"scroll","background-type":"","background-media":"","overlay-type":"","overlay-color":"","overlay-gradient":""}},"ast-content-background-meta":{"desktop":{"background-color":"var(--ast-global-color-5)","background-image":"","background-repeat":"repeat","background-position":"center center","background-size":"auto","background-attachment":"scroll","background-type":"","background-media":"","overlay-type":"","overlay-color":"","overlay-gradient":""},"tablet":{"background-color":"var(--ast-global-color-5)","background-image":"","background-repeat":"repeat","background-position":"center center","background-size":"auto","background-attachment":"scroll","background-type":"","background-media":"","overlay-type":"","overlay-color":"","overlay-gradient":""},"mobile":{"background-color":"var(--ast-global-color-5)","background-image":"","background-repeat":"repeat","background-position":"center center","background-size":"auto","background-attachment":"scroll","background-type":"","background-media":"","overlay-type":"","overlay-color":"","overlay-gradient":""}}},"product_cat":[18],"product_tag":[89,131],"jetpack_sharing_enabled":true,"_links":{"self":[{"href":"https:\/\/verticare.mx\/es\/wp-json\/wp\/v2\/product\/524"}],"collection":[{"href":"https:\/\/verticare.mx\/es\/wp-json\/wp\/v2\/product"}],"about":[{"href":"https:\/\/verticare.mx\/es\/wp-json\/wp\/v2\/types\/product"}],"replies":[{"embeddable":true,"href":"https:\/\/verticare.mx\/es\/wp-json\/wp\/v2\/comments?post=524"}],"version-history":[{"count":4,"href":"https:\/\/verticare.mx\/es\/wp-json\/wp\/v2\/product\/524\/revisions"}],"predecessor-version":[{"id":2007,"href":"https:\/\/verticare.mx\/es\/wp-json\/wp\/v2\/product\/524\/revisions\/2007"}],"wp:featuredmedia":[{"embeddable":true,"href":"https:\/\/verticare.mx\/es\/wp-json\/wp\/v2\/media\/634"}],"wp:attachment":[{"href":"https:\/\/verticare.mx\/es\/wp-json\/wp\/v2\/media?parent=524"}],"wp:term":[{"taxonomy":"product_cat","embeddable":true,"href":"https:\/\/verticare.mx\/es\/wp-json\/wp\/v2\/product_cat?post=524"},{"taxonomy":"product_tag","embeddable":true,"href":"https:\/\/verticare.mx\/es\/wp-json\/wp\/v2\/product_tag?post=524"}],"curies":[{"name":"wp","href":"https:\/\/api.w.org\/{rel}","templated":true}]}}