{"id":1684,"date":"2024-05-10T00:58:50","date_gmt":"2024-05-10T00:58:50","guid":{"rendered":"https:\/\/verticare.mx\/?page_id=1684"},"modified":"2024-05-18T05:50:02","modified_gmt":"2024-05-18T05:50:02","slug":"terminos-y-condiciones","status":"publish","type":"page","link":"https:\/\/verticare.mx\/es\/terminos-y-condiciones\/","title":{"rendered":"T\u00e9rminos y condiciones"},"content":{"rendered":"<div data-elementor-type=\"wp-page\" data-elementor-id=\"1684\" class=\"elementor elementor-1684\" data-elementor-post-type=\"page\">\n\t\t\t\t<div data-particle_enable=\"false\" data-particle-mobile-disabled=\"false\" class=\"elementor-element elementor-element-fa30c94 e-flex e-con-boxed e-con e-parent\" data-id=\"fa30c94\" data-element_type=\"container\" data-settings=\"{&quot;content_width&quot;:&quot;boxed&quot;}\" data-core-v316-plus=\"true\">\n\t\t\t\t\t<div class=\"e-con-inner\">\n\t\t\t\t<div class=\"elementor-element elementor-element-15f40d3 elementor-widget elementor-widget-heading\" data-id=\"15f40d3\" data-element_type=\"widget\" data-widget_type=\"heading.default\">\n\t\t\t\t<div class=\"elementor-widget-container\">\n\t\t\t<style>\/*! elementor - v3.19.0 - 05-02-2024 *\/\n.elementor-heading-title{padding:0;margin:0;line-height:1}.elementor-widget-heading .elementor-heading-title[class*=elementor-size-]>a{color:inherit;font-size:inherit;line-height:inherit}.elementor-widget-heading .elementor-heading-title.elementor-size-small{font-size:15px}.elementor-widget-heading .elementor-heading-title.elementor-size-medium{font-size:19px}.elementor-widget-heading .elementor-heading-title.elementor-size-large{font-size:29px}.elementor-widget-heading .elementor-heading-title.elementor-size-xl{font-size:39px}.elementor-widget-heading .elementor-heading-title.elementor-size-xxl{font-size:59px}<\/style><h3 class=\"elementor-heading-title elementor-size-default\">T\u00e9rminos y condiciones<\/h3>\t\t<\/div>\n\t\t\t\t<\/div>\n\t\t\t\t<div class=\"elementor-element elementor-element-96b8f0e elementor-widget elementor-widget-text-editor\" data-id=\"96b8f0e\" data-element_type=\"widget\" data-widget_type=\"text-editor.default\">\n\t\t\t\t<div class=\"elementor-widget-container\">\n\t\t\t<style>\/*! elementor - v3.19.0 - 05-02-2024 *\/\n.elementor-widget-text-editor.elementor-drop-cap-view-stacked .elementor-drop-cap{background-color:#69727d;color:#fff}.elementor-widget-text-editor.elementor-drop-cap-view-framed .elementor-drop-cap{color:#69727d;border:3px solid;background-color:transparent}.elementor-widget-text-editor:not(.elementor-drop-cap-view-default) .elementor-drop-cap{margin-top:8px}.elementor-widget-text-editor:not(.elementor-drop-cap-view-default) .elementor-drop-cap-letter{width:1em;height:1em}.elementor-widget-text-editor .elementor-drop-cap{float:left;text-align:center;line-height:1;font-size:50px}.elementor-widget-text-editor .elementor-drop-cap-letter{display:inline-block}<\/style>\t\t\t\t<p>Bienvenido a Verti Caring Essentials. Estos T\u00e9rminos y Condiciones (\u201cT\u00e9rminos\u201d) regulan el uso de nuestro sitio web (<a href=\"https:\/\/verticare.mx\/es\/\" target=\"_new\" rel=\"noreferrer\">www.verticare.mx<\/a>), as\u00ed como nuestras plataformas en Instagram y Facebook. Al acceder o utilizar nuestros servicios, aceptas estos T\u00e9rminos en su totalidad. Si no est\u00e1s de acuerdo con ellos, por favor no utilices nuestros servicios.<\/p><p><strong>1. Informaci\u00f3n General<\/strong><\/p><p class=\"p1\"><span class=\"s1\">Mar\u00eda Guadalupe Madero Olavarrieta<strong>,<\/strong> en lo sucesivo \u201cVerti Caring Essentials\u201d, a trav\u00e9s de su p\u00e1gina de Internet denominada www.verticare.mx vender\u00e1 a cualquier persona, quien ser\u00e1 identificado como \u201cCliente\u201d quien podr\u00e1 adquirir todo tipo de bienes que se encuentren publicados.<\/span><\/p><p><strong>2. Productos y Servicios<\/strong><\/p><p>Verti Caring Essentials se dedica a la venta de productos de cuidado personal, espec\u00edficamente productos cosm\u00e9ticos de terceros. No ofrecemos servicios adicionales.<\/p><p><strong>3. Elegibilidad<\/strong><\/p><p>Los usuarios deben ser mayores de 18 a\u00f1os para realizar compras. En el caso de menores de 18 a\u00f1os, las compras y el registro deben realizarse bajo la supervisi\u00f3n y autorizaci\u00f3n de padres o tutores.<\/p><p><strong>4. Registro de Cuenta<\/strong><\/p><p>Para realizar compras, los usuarios deben crear una cuenta en nuestro sitio web. Es responsabilidad del usuario mantener la confidencialidad de su cuenta y contrase\u00f1a, y notificar inmediatamente cualquier uso no autorizado.<\/p><p><strong>5. Restricciones Geogr\u00e1ficas<\/strong><\/p><p>Actualmente, solo realizamos env\u00edos dentro de M\u00e9xico.<\/p><p><strong>6. Env\u00edos y Devoluciones<\/strong><\/p><p>Pol\u00edtica de env\u00edos: Los costos de env\u00edo corren por cuenta del cliente y se pagar\u00e1n al momento de liquidar la compra. <span class=\"s2\">Los env\u00edos ser\u00e1n depositados a la empresa de mensajer\u00eda en un per\u00edodo de 24 horas a 72 horas h\u00e1biles despu\u00e9s de haber recibido y confirmado su pago, dependiendo de existencias y pedidos en cola. El tiempo de entrega de la empresa de mensajer\u00eda es de 3 a 6 d\u00edas h\u00e1biles.<\/span><\/p><p><span class=\"s2\">Es responsabilidad del usuario proporcionar sus datos correctamente para poder realizar el env\u00edo. La introducci\u00f3n de datos falsos o incorrectos para la entrega del pedido queda bajo responsabilidad del usuario y en caso de generarse, \u00e9ste deber\u00e1 asumir los costos adicionales de env\u00edo derivados del incidente, o el pedido quedar\u00e1 cancelado sin responsabilidad para Verti Carin Essentials ni devoluci\u00f3n del dinero. .<\/span><\/p><p>Pol\u00edtica de Devoluciones y Reembolsos: Si no est\u00e1s satisfecho con un producto, puedes solicitar un reembolso del valor del producto, excluyendo los costos de env\u00edo. Los reembolsos se aplican \u00fanicamente si el producto llega da\u00f1ado, abierto o en condiciones que representen un riesgo para el cliente.<\/p><p><strong>7. M\u00e9todos de pago<\/strong><\/p><p>Aceptamos pagos con tarjetas de cr\u00e9dito, tarjetas de d\u00e9bito, PayPal y MercadoLibre.<\/p><p><strong>8. Seguridad<\/strong><\/p><p>Protegemos los datos de los usuarios utilizando las medidas de seguridad proporcionadas por la plataforma WordPress.<\/p><p><strong>9. Propiedad Intelectual<\/strong><\/p><p>Toda la marca y el contenido del sitio web est\u00e1n registrados y son propiedad de Verti Caring Essentials. Los usuarios pueden dejar calificaciones y comentarios, los cuales se conservan indefinidamente para multas de reconocimiento y aprobaci\u00f3n autom\u00e1tica.<\/p><p><strong>10. Garant\u00edas<\/strong><\/p><p>No ofrecemos garant\u00edas sobre los productos, a menos que el pedido llegue da\u00f1ado, abierto o en condiciones peligrosas para el uso del cliente.<\/p><p><strong>11. Privacidad<\/strong><\/p><p>Recopilamos el nombre, tel\u00e9fono, correo electr\u00f3nico y las direcciones de env\u00edo de los usuarios registrados. No compartimos esta informaci\u00f3n con terceros. Utilizamos el correo electr\u00f3nico y mensajes en redes sociales para promociones y comunicados.<\/p><p><strong>12. Resoluci\u00f3n de Disputas<\/strong><\/p><p>En caso de disputas, se resolver\u00e1n de acuerdo con las leyes aplicables de los Estados Unidos Mexicanos. Las partes acuerdan resolver las disputas mediante arbitraje y no en tribunales ordinarios.<\/p><p><strong>13. Comunicaciones y Promociones<\/strong><\/p><p>Podemos comunicarnos contigo a trav\u00e9s de correo electr\u00f3nico y redes sociales para enviarte promociones y comunicados importantes.<\/p><p><strong>14. Modificaciones<\/strong><\/p><p>Nos reservamos el derecho de modificar estos T\u00e9rminos en cualquier momento. Las modificaciones ser\u00e1n efectivas inmediatamente despu\u00e9s de su publicaci\u00f3n en nuestro sitio web. Tu uso continuado de nuestros servicios despu\u00e9s de cualquier cambio constituye tu aceptaci\u00f3n de los nuevos T\u00e9rminos.<\/p><p><strong>15. Contacto<\/strong><\/p><p>Para cualquier duda o consulta sobre estos T\u00e9rminos, puedes contactarnos en <a target=\"_new\" rel=\"noreferrer\">hola@verticare.mx<\/a>.<\/p>\t\t\t\t\t\t<\/div>\n\t\t\t\t<\/div>\n\t\t\t\t\t<\/div>\n\t\t\t\t<\/div>\n\t\t\t\t<\/div>","protected":false},"excerpt":{"rendered":"<p>Terminos y Condiciones Bienvenido a Verti Caring Essentials. Estos T\u00e9rminos y Condiciones (&#8220;T\u00e9rminos&#8221;) regulan el uso de nuestro sitio web (www.verticare.mx), as\u00ed como nuestras plataformas en Instagram y Facebook. Al acceder o utilizar nuestros servicios, aceptas estos T\u00e9rminos en su totalidad. Si no est\u00e1s de acuerdo con ellos, por favor no utilices nuestros servicios. 1. [&hellip;]<\/p>","protected":false},"author":1,"featured_media":0,"parent":0,"menu_order":0,"comment_status":"closed","ping_status":"closed","template":"","meta":{"site-sidebar-layout":"no-sidebar","site-content-layout":"page-builder","ast-site-content-layout":"full-width-container","site-content-style":"default","site-sidebar-style":"default","ast-global-header-display":"","ast-banner-title-visibility":"","ast-main-header-display":"","ast-hfb-above-header-display":"","ast-hfb-below-header-display":"","ast-hfb-mobile-header-display":"","site-post-title":"disabled","ast-breadcrumbs-content":"","ast-featured-img":"disabled","footer-sml-layout":"","theme-transparent-header-meta":"","adv-header-id-meta":"","stick-header-meta":"","header-above-stick-meta":"","header-main-stick-meta":"","header-below-stick-meta":"","astra-migrate-meta-layouts":"set","ast-page-background-enabled":"default","ast-page-background-meta":{"desktop":{"background-color":"var(--ast-global-color-4)","background-image":"","background-repeat":"repeat","background-position":"center center","background-size":"auto","background-attachment":"scroll","background-type":"","background-media":"","overlay-type":"","overlay-color":"","overlay-gradient":""},"tablet":{"background-color":"","background-image":"","background-repeat":"repeat","background-position":"center center","background-size":"auto","background-attachment":"scroll","background-type":"","background-media":"","overlay-type":"","overlay-color":"","overlay-gradient":""},"mobile":{"background-color":"","background-image":"","background-repeat":"repeat","background-position":"center center","background-size":"auto","background-attachment":"scroll","background-type":"","background-media":"","overlay-type":"","overlay-color":"","overlay-gradient":""}},"ast-content-background-meta":{"desktop":{"background-color":"var(--ast-global-color-5)","background-image":"","background-repeat":"repeat","background-position":"center center","background-size":"auto","background-attachment":"scroll","background-type":"","background-media":"","overlay-type":"","overlay-color":"","overlay-gradient":""},"tablet":{"background-color":"var(--ast-global-color-5)","background-image":"","background-repeat":"repeat","background-position":"center center","background-size":"auto","background-attachment":"scroll","background-type":"","background-media":"","overlay-type":"","overlay-color":"","overlay-gradient":""},"mobile":{"background-color":"var(--ast-global-color-5)","background-image":"","background-repeat":"repeat","background-position":"center center","background-size":"auto","background-attachment":"scroll","background-type":"","background-media":"","overlay-type":"","overlay-color":"","overlay-gradient":""}},"footnotes":""},"jetpack_sharing_enabled":true,"_links":{"self":[{"href":"https:\/\/verticare.mx\/es\/wp-json\/wp\/v2\/pages\/1684"}],"collection":[{"href":"https:\/\/verticare.mx\/es\/wp-json\/wp\/v2\/pages"}],"about":[{"href":"https:\/\/verticare.mx\/es\/wp-json\/wp\/v2\/types\/page"}],"author":[{"embeddable":true,"href":"https:\/\/verticare.mx\/es\/wp-json\/wp\/v2\/users\/1"}],"replies":[{"embeddable":true,"href":"https:\/\/verticare.mx\/es\/wp-json\/wp\/v2\/comments?post=1684"}],"version-history":[{"count":10,"href":"https:\/\/verticare.mx\/es\/wp-json\/wp\/v2\/pages\/1684\/revisions"}],"predecessor-version":[{"id":1952,"href":"https:\/\/verticare.mx\/es\/wp-json\/wp\/v2\/pages\/1684\/revisions\/1952"}],"wp:attachment":[{"href":"https:\/\/verticare.mx\/es\/wp-json\/wp\/v2\/media?parent=1684"}],"curies":[{"name":"wp","href":"https:\/\/api.w.org\/{rel}","templated":true}]}}